{"id":47,"date":"2017-08-12T13:05:38","date_gmt":"2017-08-12T13:05:38","guid":{"rendered":"http:\/\/www.teknetics-shop.de\/metalldetektorblog\/de\/?page_id=47"},"modified":"2017-11-11T13:43:52","modified_gmt":"2017-11-11T13:43:52","slug":"welchen-metalldetektor-kaufen","status":"publish","type":"page","link":"https:\/\/www.teknetics-shop.de\/metalldetektorblog\/de\/welchen-metalldetektor-kaufen\/","title":{"rendered":"Welchen Metalldetektor kaufen?"},"content":{"rendered":"<p>Diese Frage stellen sich t\u00e4glich unz\u00e4hlige Kunden, die in das faszinierende Hobby &#8222;Schatzsuche&#8220; einsteigen m\u00f6chten.<\/p>\n<p><strong>Es gibt eine ganze einfache Antwort:<\/strong><br \/>\nMan entscheidet sich f\u00fcr den EuroTek PRO (LTE)!<\/p>\n<p><a href=\"http:\/\/www.teknetics-shop.de\/shop.pl?product=show&#038;id=meteurp-a\"><img decoding=\"async\" loading=\"lazy\" src=\"http:\/\/www.teknetics-shop.de\/metalldetektorblog\/de\/wp-content\/uploads\/2017\/08\/eurotek_pro-1024x3111-1.jpg\" alt=\"Metalldetektor Eurotek PRO\" width=\"900\" height=\"273\" class=\"alignnone size-large wp-image-8\" \/><\/a><\/p>\n<p><strong>Warum wird dieser Metalldetektor hier empfohlen?<\/strong><\/p>\n<p>1. Der Metalldetektor ist sehr leicht einzustellen &#8211; deutsche Bedienungsanleitung mit Praxistipps und Leitwerttabelle<br \/>\n2. Der Metalldetektor ist f\u00fcr weltweite und besonders f\u00fcr europ\u00e4ische Bedingungen optimiert.<br \/>\n3. Kein auf amerikanische Verh\u00e4ltnisse zugeschnittenes Metallerkennungssystem welches europ\u00e4ische M\u00fcnzen wegfiltert<br \/>\n4. Erkennung von Eisen (tiefer Signalton) und Bunt- \/ Edelmetalle (hohe Signalt\u00f6ne)<br \/>\n5. Der Metalldetektor ist leicht und gut ausbalanciert<br \/>\n6. Sehr gute Tiefenleistung \/ Allround Suchfrequenz f\u00fcr gute Tiefe und gute Kleinteileempfindlichkeit<br \/>\n7. Regelbare Lautst\u00e4rke<br \/>\n8. VCO im Goldbereich, dadurch noch empfindlicher auf dieses wertvolle Metall<br \/>\n9. Sehr hoher Wiederverkaufswert<\/p>\n<p><strong>Wo kaufen?<\/strong><br \/>\nDen Eurotek PRO (LTE) erhalten Sie bei <a href=\"http:\/\/www.teknetics-shop.de\/shop.pl?product=show&#038;id=meteurp-a\">www.teknetics-shop.de<\/a><\/p>\n<p><strong>Video<\/strong><br \/>\n<div class=\"lyte-wrapper\" style=\"width:853px;max-width:100%;margin:5px;\"><div class=\"lyMe\" id=\"WYL_8lHKUu6ZS8I\"><div id=\"lyte_8lHKUu6ZS8I\" data-src=\"\/\/i.ytimg.com\/vi\/8lHKUu6ZS8I\/hqdefault.jpg\" class=\"pL\"><div class=\"tC\"><div class=\"tT\"><\/div><\/div><div class=\"play\"><\/div><div class=\"ctrl\"><div class=\"Lctrl\"><\/div><div class=\"Rctrl\"><\/div><\/div><\/div><noscript><a href=\"https:\/\/youtu.be\/8lHKUu6ZS8I\" rel=\"nofollow\"><img src=\"https:\/\/i.ytimg.com\/vi\/8lHKUu6ZS8I\/0.jpg\" alt=\"\" width=\"853\" height=\"460\" \/><br \/>Dieses Video auf YouTube ansehen<\/a><\/noscript><\/div><\/div><div class=\"lL\" style=\"max-width:100%;width:853px;margin:5px;\"><\/div><\/p>\n","protected":false},"excerpt":{"rendered":"<p>Diese Frage stellen sich t\u00e4glich unz\u00e4hlige Kunden, die in das faszinierende Hobby &#8222;Schatzsuche&#8220; einsteigen m\u00f6chten. Es gibt eine ganze einfache Antwort: Man entscheidet sich f\u00fcr den EuroTek PRO (LTE)! Warum wird dieser Metalldetektor hier empfohlen? 1. Der Metalldetektor ist sehr leicht einzustellen &#8211; deutsche Bedienungsanleitung mit Praxistipps und Leitwerttabelle 2. Der Metalldetektor ist f\u00fcr weltweite und besonders f\u00fcr europ\u00e4ische Bedingungen optimiert. 3. Kein auf amerikanische Verh\u00e4ltnisse zugeschnittenes Metallerkennungssystem welches europ\u00e4ische M\u00fcnzen wegfiltert 4. Erkennung von Eisen (tiefer Signalton) und Bunt- \/ Edelmetalle (hohe Signalt\u00f6ne) 5. Der Metalldetektor ist leicht und gut ausbalanciert 6. Sehr gute Tiefenleistung \/ Allround Suchfrequenz f\u00fcr\u2026<\/p>\n<p class=\"continue-reading-button\"> <a class=\"continue-reading-link\" href=\"https:\/\/www.teknetics-shop.de\/metalldetektorblog\/de\/welchen-metalldetektor-kaufen\/\">Weiterlesen&#8230;<i class=\"crycon-right-dir\"><\/i><\/a><\/p>\n","protected":false},"author":1,"featured_media":0,"parent":0,"menu_order":0,"comment_status":"closed","ping_status":"closed","template":"","meta":[],"yoast_head":"<!-- This site is optimized with the Yoast SEO plugin v20.1 - https:\/\/yoast.com\/wordpress\/plugins\/seo\/ -->\n<title>Welchen Metalldetektor kaufen? - Teknetics Metalldetektoren<\/title>\n<meta name=\"robots\" content=\"index, follow, max-snippet:-1, max-image-preview:large, max-video-preview:-1\" \/>\n<link rel=\"canonical\" href=\"https:\/\/www.teknetics-shop.de\/metalldetektorblog\/de\/welchen-metalldetektor-kaufen\/\" \/>\n<meta property=\"og:locale\" content=\"de_DE\" \/>\n<meta property=\"og:type\" content=\"article\" \/>\n<meta property=\"og:title\" content=\"Welchen Metalldetektor kaufen? - Teknetics Metalldetektoren\" \/>\n<meta property=\"og:description\" content=\"Diese Frage stellen sich t\u00e4glich unz\u00e4hlige Kunden, die in das faszinierende Hobby &#8222;Schatzsuche&#8220; einsteigen m\u00f6chten. Es gibt eine ganze einfache Antwort: Man entscheidet sich f\u00fcr den EuroTek PRO (LTE)! Warum wird dieser Metalldetektor hier empfohlen? 1. Der Metalldetektor ist sehr leicht einzustellen &#8211; deutsche Bedienungsanleitung mit Praxistipps und Leitwerttabelle 2. Der Metalldetektor ist f\u00fcr weltweite und besonders f\u00fcr europ\u00e4ische Bedingungen optimiert. 3. Kein auf amerikanische Verh\u00e4ltnisse zugeschnittenes Metallerkennungssystem welches europ\u00e4ische M\u00fcnzen wegfiltert 4. Erkennung von Eisen (tiefer Signalton) und Bunt- \/ Edelmetalle (hohe Signalt\u00f6ne) 5. Der Metalldetektor ist leicht und gut ausbalanciert 6. Sehr gute Tiefenleistung \/ Allround Suchfrequenz f\u00fcr\u2026 Weiterlesen...\" \/>\n<meta property=\"og:url\" content=\"https:\/\/www.teknetics-shop.de\/metalldetektorblog\/de\/welchen-metalldetektor-kaufen\/\" \/>\n<meta property=\"og:site_name\" content=\"Teknetics Metalldetektoren\" \/>\n<meta property=\"article:modified_time\" content=\"2017-11-11T13:43:52+00:00\" \/>\n<meta property=\"og:image\" content=\"http:\/\/www.teknetics-shop.de\/metalldetektorblog\/de\/wp-content\/uploads\/2017\/08\/eurotek_pro-1024x3111-1.jpg\" \/>\n<meta name=\"twitter:card\" content=\"summary_large_image\" \/>\n<meta name=\"twitter:label1\" content=\"Gesch\u00e4tzte Lesezeit\" \/>\n\t<meta name=\"twitter:data1\" content=\"1\u00a0Minute\" \/>\n<script type=\"application\/ld+json\" class=\"yoast-schema-graph\">{\"@context\":\"https:\/\/schema.org\",\"@graph\":[{\"@type\":\"WebPage\",\"@id\":\"https:\/\/www.teknetics-shop.de\/metalldetektorblog\/de\/welchen-metalldetektor-kaufen\/\",\"url\":\"https:\/\/www.teknetics-shop.de\/metalldetektorblog\/de\/welchen-metalldetektor-kaufen\/\",\"name\":\"Welchen Metalldetektor kaufen? - Teknetics Metalldetektoren\",\"isPartOf\":{\"@id\":\"https:\/\/www.teknetics-shop.de\/metalldetektorblog\/de\/#website\"},\"datePublished\":\"2017-08-12T13:05:38+00:00\",\"dateModified\":\"2017-11-11T13:43:52+00:00\",\"breadcrumb\":{\"@id\":\"https:\/\/www.teknetics-shop.de\/metalldetektorblog\/de\/welchen-metalldetektor-kaufen\/#breadcrumb\"},\"inLanguage\":\"de\",\"potentialAction\":[{\"@type\":\"ReadAction\",\"target\":[\"https:\/\/www.teknetics-shop.de\/metalldetektorblog\/de\/welchen-metalldetektor-kaufen\/\"]}]},{\"@type\":\"BreadcrumbList\",\"@id\":\"https:\/\/www.teknetics-shop.de\/metalldetektorblog\/de\/welchen-metalldetektor-kaufen\/#breadcrumb\",\"itemListElement\":[{\"@type\":\"ListItem\",\"position\":1,\"name\":\"Startseite\",\"item\":\"https:\/\/www.teknetics-shop.de\/metalldetektorblog\/de\/\"},{\"@type\":\"ListItem\",\"position\":2,\"name\":\"Welchen Metalldetektor kaufen?\"}]},{\"@type\":\"WebSite\",\"@id\":\"https:\/\/www.teknetics-shop.de\/metalldetektorblog\/de\/#website\",\"url\":\"https:\/\/www.teknetics-shop.de\/metalldetektorblog\/de\/\",\"name\":\"Teknetics Metalldetektoren\",\"description\":\"\",\"potentialAction\":[{\"@type\":\"SearchAction\",\"target\":{\"@type\":\"EntryPoint\",\"urlTemplate\":\"https:\/\/www.teknetics-shop.de\/metalldetektorblog\/de\/?s={search_term_string}\"},\"query-input\":\"required name=search_term_string\"}],\"inLanguage\":\"de\"}]}<\/script>\n<!-- \/ Yoast SEO plugin. -->","yoast_head_json":{"title":"Welchen Metalldetektor kaufen? - Teknetics Metalldetektoren","robots":{"index":"index","follow":"follow","max-snippet":"max-snippet:-1","max-image-preview":"max-image-preview:large","max-video-preview":"max-video-preview:-1"},"canonical":"https:\/\/www.teknetics-shop.de\/metalldetektorblog\/de\/welchen-metalldetektor-kaufen\/","og_locale":"de_DE","og_type":"article","og_title":"Welchen Metalldetektor kaufen? - Teknetics Metalldetektoren","og_description":"Diese Frage stellen sich t\u00e4glich unz\u00e4hlige Kunden, die in das faszinierende Hobby &#8222;Schatzsuche&#8220; einsteigen m\u00f6chten. Es gibt eine ganze einfache Antwort: Man entscheidet sich f\u00fcr den EuroTek PRO (LTE)! Warum wird dieser Metalldetektor hier empfohlen? 1. Der Metalldetektor ist sehr leicht einzustellen &#8211; deutsche Bedienungsanleitung mit Praxistipps und Leitwerttabelle 2. Der Metalldetektor ist f\u00fcr weltweite und besonders f\u00fcr europ\u00e4ische Bedingungen optimiert. 3. Kein auf amerikanische Verh\u00e4ltnisse zugeschnittenes Metallerkennungssystem welches europ\u00e4ische M\u00fcnzen wegfiltert 4. Erkennung von Eisen (tiefer Signalton) und Bunt- \/ Edelmetalle (hohe Signalt\u00f6ne) 5. Der Metalldetektor ist leicht und gut ausbalanciert 6. Sehr gute Tiefenleistung \/ Allround Suchfrequenz f\u00fcr\u2026 Weiterlesen...","og_url":"https:\/\/www.teknetics-shop.de\/metalldetektorblog\/de\/welchen-metalldetektor-kaufen\/","og_site_name":"Teknetics Metalldetektoren","article_modified_time":"2017-11-11T13:43:52+00:00","og_image":[{"url":"http:\/\/www.teknetics-shop.de\/metalldetektorblog\/de\/wp-content\/uploads\/2017\/08\/eurotek_pro-1024x3111-1.jpg"}],"twitter_card":"summary_large_image","twitter_misc":{"Gesch\u00e4tzte Lesezeit":"1\u00a0Minute"},"schema":{"@context":"https:\/\/schema.org","@graph":[{"@type":"WebPage","@id":"https:\/\/www.teknetics-shop.de\/metalldetektorblog\/de\/welchen-metalldetektor-kaufen\/","url":"https:\/\/www.teknetics-shop.de\/metalldetektorblog\/de\/welchen-metalldetektor-kaufen\/","name":"Welchen Metalldetektor kaufen? - Teknetics Metalldetektoren","isPartOf":{"@id":"https:\/\/www.teknetics-shop.de\/metalldetektorblog\/de\/#website"},"datePublished":"2017-08-12T13:05:38+00:00","dateModified":"2017-11-11T13:43:52+00:00","breadcrumb":{"@id":"https:\/\/www.teknetics-shop.de\/metalldetektorblog\/de\/welchen-metalldetektor-kaufen\/#breadcrumb"},"inLanguage":"de","potentialAction":[{"@type":"ReadAction","target":["https:\/\/www.teknetics-shop.de\/metalldetektorblog\/de\/welchen-metalldetektor-kaufen\/"]}]},{"@type":"BreadcrumbList","@id":"https:\/\/www.teknetics-shop.de\/metalldetektorblog\/de\/welchen-metalldetektor-kaufen\/#breadcrumb","itemListElement":[{"@type":"ListItem","position":1,"name":"Startseite","item":"https:\/\/www.teknetics-shop.de\/metalldetektorblog\/de\/"},{"@type":"ListItem","position":2,"name":"Welchen Metalldetektor kaufen?"}]},{"@type":"WebSite","@id":"https:\/\/www.teknetics-shop.de\/metalldetektorblog\/de\/#website","url":"https:\/\/www.teknetics-shop.de\/metalldetektorblog\/de\/","name":"Teknetics Metalldetektoren","description":"","potentialAction":[{"@type":"SearchAction","target":{"@type":"EntryPoint","urlTemplate":"https:\/\/www.teknetics-shop.de\/metalldetektorblog\/de\/?s={search_term_string}"},"query-input":"required name=search_term_string"}],"inLanguage":"de"}]}},"_links":{"self":[{"href":"https:\/\/www.teknetics-shop.de\/metalldetektorblog\/de\/wp-json\/wp\/v2\/pages\/47"}],"collection":[{"href":"https:\/\/www.teknetics-shop.de\/metalldetektorblog\/de\/wp-json\/wp\/v2\/pages"}],"about":[{"href":"https:\/\/www.teknetics-shop.de\/metalldetektorblog\/de\/wp-json\/wp\/v2\/types\/page"}],"author":[{"embeddable":true,"href":"https:\/\/www.teknetics-shop.de\/metalldetektorblog\/de\/wp-json\/wp\/v2\/users\/1"}],"replies":[{"embeddable":true,"href":"https:\/\/www.teknetics-shop.de\/metalldetektorblog\/de\/wp-json\/wp\/v2\/comments?post=47"}],"version-history":[{"count":7,"href":"https:\/\/www.teknetics-shop.de\/metalldetektorblog\/de\/wp-json\/wp\/v2\/pages\/47\/revisions"}],"predecessor-version":[{"id":68,"href":"https:\/\/www.teknetics-shop.de\/metalldetektorblog\/de\/wp-json\/wp\/v2\/pages\/47\/revisions\/68"}],"wp:attachment":[{"href":"https:\/\/www.teknetics-shop.de\/metalldetektorblog\/de\/wp-json\/wp\/v2\/media?parent=47"}],"curies":[{"name":"wp","href":"https:\/\/api.w.org\/{rel}","templated":true}]}}